{"id":15201,"date":"2023-05-23T08:08:50","date_gmt":"2023-05-23T06:08:50","guid":{"rendered":"https:\/\/granerbcn.cat\/home-2\/"},"modified":"2026-04-16T14:13:10","modified_gmt":"2026-04-16T12:13:10","slug":"home-2","status":"publish","type":"page","link":"https:\/\/granerbcn.cat\/es\/","title":{"rendered":"Home 2023"},"content":{"rendered":"\n<p>Graner es un centro de creaci\u00f3n de danza que promueve y acompa\u00f1a procesos de investigaci\u00f3n y creaci\u00f3n art\u00edstica que exploran el cuerpo, el movimiento y el lenguaje coreogr\u00e1fico. Nuestro principal eje de trabajo es el apoyo a la comunidad art\u00edstica, creando espacios de cuidado y encuentro para la experimentaci\u00f3n y la innovaci\u00f3n. Tambi\u00e9n impulsamos programas en relaci\u00f3n con el territorio y la comunidad educativa, en los cuales el movimiento y la danza funcionan como motor de acci\u00f3n y pensamiento.<\/p>\n\n\n\n<p><\/p>\n","protected":false},"excerpt":{"rendered":"<p>Graner es un centro de creaci\u00f3n de danza que promueve y acompa\u00f1a procesos de investigaci\u00f3n y creaci\u00f3n art\u00edstica que exploran el cuerpo, el movimiento y el lenguaje coreogr\u00e1fico. Nuestro principal eje de trabajo es el apoyo a la comunidad art\u00edstica, creando espacios de cuidado y encuentro para la experimentaci\u00f3n y la innovaci\u00f3n. Tambi\u00e9n impulsamos programas [&hellip;]<\/p>\n","protected":false},"author":3,"featured_media":17227,"parent":0,"menu_order":18,"comment_status":"closed","ping_status":"closed","template":"template_home.php","meta":{"_acf_changed":false,"footnotes":""},"tags":[],"class_list":["post-15201","page","type-page","status-publish","has-post-thumbnail","hentry"],"acf":[],"yoast_head":"<!-- This site is optimized with the Yoast SEO plugin v23.4 - https:\/\/yoast.com\/wordpress\/plugins\/seo\/ -->\n<title>Graner Centre de creaci\u00f3 del cos i el moviment<\/title>\n<meta name=\"robots\" content=\"index, follow, max-snippet:-1, max-image-preview:large, max-video-preview:-1\" \/>\n<link rel=\"canonical\" href=\"https:\/\/granerbcn.cat\/es\/\" \/>\n<meta property=\"og:locale\" content=\"es_ES\" \/>\n<meta property=\"og:type\" content=\"article\" \/>\n<meta property=\"og:title\" content=\"Graner Centre de creaci\u00f3 del cos i el moviment\" \/>\n<meta property=\"og:description\" content=\"Graner es un centro de creaci\u00f3n de danza que promueve y acompa\u00f1a procesos de investigaci\u00f3n y creaci\u00f3n art\u00edstica que exploran el cuerpo, el movimiento y el lenguaje coreogr\u00e1fico. Nuestro principal eje de trabajo es el apoyo a la comunidad art\u00edstica, creando espacios de cuidado y encuentro para la experimentaci\u00f3n y la innovaci\u00f3n. Tambi\u00e9n impulsamos programas [&hellip;]\" \/>\n<meta property=\"og:url\" content=\"https:\/\/granerbcn.cat\/es\/\" \/>\n<meta property=\"og:site_name\" content=\"Graner\" \/>\n<meta property=\"article:modified_time\" content=\"2026-04-16T12:13:10+00:00\" \/>\n<meta property=\"og:image\" content=\"https:\/\/granerbcn.cat\/wp-content\/uploads\/2024\/05\/Captura-de-Pantalla-2024-05-16-a-les-9.46.48.png\" \/>\n\t<meta property=\"og:image:width\" content=\"1564\" \/>\n\t<meta property=\"og:image:height\" content=\"706\" \/>\n\t<meta property=\"og:image:type\" content=\"image\/png\" \/>\n<meta name=\"twitter:card\" content=\"summary_large_image\" \/>\n<meta name=\"twitter:label1\" content=\"Tiempo de lectura\" \/>\n\t<meta name=\"twitter:data1\" content=\"1 minuto\" \/>\n<script type=\"application\/ld+json\" class=\"yoast-schema-graph\">{\"@context\":\"https:\/\/schema.org\",\"@graph\":[{\"@type\":\"WebPage\",\"@id\":\"https:\/\/granerbcn.cat\/es\/\",\"url\":\"https:\/\/granerbcn.cat\/es\/\",\"name\":\"Graner Centre de creaci\u00f3 del cos i el moviment\",\"isPartOf\":{\"@id\":\"https:\/\/granerbcn.cat\/#website\"},\"primaryImageOfPage\":{\"@id\":\"https:\/\/granerbcn.cat\/es\/#primaryimage\"},\"image\":{\"@id\":\"https:\/\/granerbcn.cat\/es\/#primaryimage\"},\"thumbnailUrl\":\"https:\/\/granerbcn.cat\/wp-content\/uploads\/2024\/05\/Captura-de-Pantalla-2024-05-16-a-les-9.46.48.png\",\"datePublished\":\"2023-05-23T06:08:50+00:00\",\"dateModified\":\"2026-04-16T12:13:10+00:00\",\"breadcrumb\":{\"@id\":\"https:\/\/granerbcn.cat\/es\/#breadcrumb\"},\"inLanguage\":\"es\",\"potentialAction\":[{\"@type\":\"ReadAction\",\"target\":[\"https:\/\/granerbcn.cat\/es\/\"]}]},{\"@type\":\"ImageObject\",\"inLanguage\":\"es\",\"@id\":\"https:\/\/granerbcn.cat\/es\/#primaryimage\",\"url\":\"https:\/\/granerbcn.cat\/wp-content\/uploads\/2024\/05\/Captura-de-Pantalla-2024-05-16-a-les-9.46.48.png\",\"contentUrl\":\"https:\/\/granerbcn.cat\/wp-content\/uploads\/2024\/05\/Captura-de-Pantalla-2024-05-16-a-les-9.46.48.png\",\"width\":1564,\"height\":706},{\"@type\":\"BreadcrumbList\",\"@id\":\"https:\/\/granerbcn.cat\/es\/#breadcrumb\",\"itemListElement\":[{\"@type\":\"ListItem\",\"position\":1,\"name\":\"Portada\",\"item\":\"https:\/\/granerbcn.cat\/es\/\"},{\"@type\":\"ListItem\",\"position\":2,\"name\":\"Home 2023\"}]},{\"@type\":\"WebSite\",\"@id\":\"https:\/\/granerbcn.cat\/#website\",\"url\":\"https:\/\/granerbcn.cat\/\",\"name\":\"Graner\",\"description\":\"Centre de creaci\u00f3 del cos i el moviment\",\"potentialAction\":[{\"@type\":\"SearchAction\",\"target\":{\"@type\":\"EntryPoint\",\"urlTemplate\":\"https:\/\/granerbcn.cat\/?s={search_term_string}\"},\"query-input\":{\"@type\":\"PropertyValueSpecification\",\"valueRequired\":true,\"valueName\":\"search_term_string\"}}],\"inLanguage\":\"es\"}]}<\/script>\n<!-- \/ Yoast SEO plugin. -->","yoast_head_json":{"title":"Graner Centre de creaci\u00f3 del cos i el moviment","robots":{"index":"index","follow":"follow","max-snippet":"max-snippet:-1","max-image-preview":"max-image-preview:large","max-video-preview":"max-video-preview:-1"},"canonical":"https:\/\/granerbcn.cat\/es\/","og_locale":"es_ES","og_type":"article","og_title":"Graner Centre de creaci\u00f3 del cos i el moviment","og_description":"Graner es un centro de creaci\u00f3n de danza que promueve y acompa\u00f1a procesos de investigaci\u00f3n y creaci\u00f3n art\u00edstica que exploran el cuerpo, el movimiento y el lenguaje coreogr\u00e1fico. Nuestro principal eje de trabajo es el apoyo a la comunidad art\u00edstica, creando espacios de cuidado y encuentro para la experimentaci\u00f3n y la innovaci\u00f3n. Tambi\u00e9n impulsamos programas [&hellip;]","og_url":"https:\/\/granerbcn.cat\/es\/","og_site_name":"Graner","article_modified_time":"2026-04-16T12:13:10+00:00","og_image":[{"width":1564,"height":706,"url":"https:\/\/granerbcn.cat\/wp-content\/uploads\/2024\/05\/Captura-de-Pantalla-2024-05-16-a-les-9.46.48.png","type":"image\/png"}],"twitter_card":"summary_large_image","twitter_misc":{"Tiempo de lectura":"1 minuto"},"schema":{"@context":"https:\/\/schema.org","@graph":[{"@type":"WebPage","@id":"https:\/\/granerbcn.cat\/es\/","url":"https:\/\/granerbcn.cat\/es\/","name":"Graner Centre de creaci\u00f3 del cos i el moviment","isPartOf":{"@id":"https:\/\/granerbcn.cat\/#website"},"primaryImageOfPage":{"@id":"https:\/\/granerbcn.cat\/es\/#primaryimage"},"image":{"@id":"https:\/\/granerbcn.cat\/es\/#primaryimage"},"thumbnailUrl":"https:\/\/granerbcn.cat\/wp-content\/uploads\/2024\/05\/Captura-de-Pantalla-2024-05-16-a-les-9.46.48.png","datePublished":"2023-05-23T06:08:50+00:00","dateModified":"2026-04-16T12:13:10+00:00","breadcrumb":{"@id":"https:\/\/granerbcn.cat\/es\/#breadcrumb"},"inLanguage":"es","potentialAction":[{"@type":"ReadAction","target":["https:\/\/granerbcn.cat\/es\/"]}]},{"@type":"ImageObject","inLanguage":"es","@id":"https:\/\/granerbcn.cat\/es\/#primaryimage","url":"https:\/\/granerbcn.cat\/wp-content\/uploads\/2024\/05\/Captura-de-Pantalla-2024-05-16-a-les-9.46.48.png","contentUrl":"https:\/\/granerbcn.cat\/wp-content\/uploads\/2024\/05\/Captura-de-Pantalla-2024-05-16-a-les-9.46.48.png","width":1564,"height":706},{"@type":"BreadcrumbList","@id":"https:\/\/granerbcn.cat\/es\/#breadcrumb","itemListElement":[{"@type":"ListItem","position":1,"name":"Portada","item":"https:\/\/granerbcn.cat\/es\/"},{"@type":"ListItem","position":2,"name":"Home 2023"}]},{"@type":"WebSite","@id":"https:\/\/granerbcn.cat\/#website","url":"https:\/\/granerbcn.cat\/","name":"Graner","description":"Centre de creaci\u00f3 del cos i el moviment","potentialAction":[{"@type":"SearchAction","target":{"@type":"EntryPoint","urlTemplate":"https:\/\/granerbcn.cat\/?s={search_term_string}"},"query-input":{"@type":"PropertyValueSpecification","valueRequired":true,"valueName":"search_term_string"}}],"inLanguage":"es"}]}},"_links":{"self":[{"href":"https:\/\/granerbcn.cat\/es\/wp-json\/wp\/v2\/pages\/15201"}],"collection":[{"href":"https:\/\/granerbcn.cat\/es\/wp-json\/wp\/v2\/pages"}],"about":[{"href":"https:\/\/granerbcn.cat\/es\/wp-json\/wp\/v2\/types\/page"}],"author":[{"embeddable":true,"href":"https:\/\/granerbcn.cat\/es\/wp-json\/wp\/v2\/users\/3"}],"replies":[{"embeddable":true,"href":"https:\/\/granerbcn.cat\/es\/wp-json\/wp\/v2\/comments?post=15201"}],"version-history":[{"count":229,"href":"https:\/\/granerbcn.cat\/es\/wp-json\/wp\/v2\/pages\/15201\/revisions"}],"predecessor-version":[{"id":26256,"href":"https:\/\/granerbcn.cat\/es\/wp-json\/wp\/v2\/pages\/15201\/revisions\/26256"}],"wp:featuredmedia":[{"embeddable":true,"href":"https:\/\/granerbcn.cat\/es\/wp-json\/wp\/v2\/media\/17227"}],"wp:attachment":[{"href":"https:\/\/granerbcn.cat\/es\/wp-json\/wp\/v2\/media?parent=15201"}],"wp:term":[{"taxonomy":"post_tag","embeddable":true,"href":"https:\/\/granerbcn.cat\/es\/wp-json\/wp\/v2\/tags?post=15201"}],"curies":[{"name":"wp","href":"https:\/\/api.w.org\/{rel}","templated":true}]}}